{"id":10378,"date":"2021-04-07T22:04:07","date_gmt":"2021-04-07T22:04:07","guid":{"rendered":"https:\/\/www.quartzluxurywindows.com\/tecnologias-de-las-puertas\/"},"modified":"2023-09-20T09:44:52","modified_gmt":"2023-09-20T09:44:52","slug":"tecnologias-de-las-puertas","status":"publish","type":"page","link":"https:\/\/www.quartzluxurywindows.com\/es\/tecnologias-de-las-puertas\/","title":{"rendered":"Tecnolog\u00edas de las puertas"},"content":{"rendered":"\t\t<div data-elementor-type=\"wp-page\" data-elementor-id=\"10378\" class=\"elementor elementor-10378 elementor-888\" data-elementor-post-type=\"page\">\n\t\t\t\t\t\t<section class=\"elementor-section elementor-top-section elementor-element elementor-element-e7d57d7 elementor-section-boxed elementor-section-height-default elementor-section-height-default\" data-id=\"e7d57d7\" data-element_type=\"section\" data-e-type=\"section\" data-settings=\"{&quot;background_background&quot;:&quot;classic&quot;}\">\n\t\t\t\t\t\t<div class=\"elementor-container elementor-column-gap-no\">\n\t\t\t\t\t<div class=\"elementor-column elementor-col-100 elementor-top-column elementor-element elementor-element-68dafad\" data-id=\"68dafad\" data-element_type=\"column\" data-e-type=\"column\" data-settings=\"{&quot;background_background&quot;:&quot;classic&quot;}\">\n\t\t\t<div class=\"elementor-widget-wrap elementor-element-populated\">\n\t\t\t\t\t\t<div class=\"elementor-element elementor-element-c75fba9 tradeGoticFont elementor-widget elementor-widget-heading\" data-id=\"c75fba9\" data-element_type=\"widget\" data-e-type=\"widget\" data-widget_type=\"heading.default\">\n\t\t\t\t<div class=\"elementor-widget-container\">\n\t\t\t\t\t<h1 class=\"elementor-heading-title elementor-size-default\">Tecnolog\u00edas de las puertas<\/h1>\t\t\t\t<\/div>\n\t\t\t\t<\/div>\n\t\t\t\t\t<\/div>\n\t\t<\/div>\n\t\t\t\t\t<\/div>\n\t\t<\/section>\n\t\t\t\t<section class=\"elementor-section elementor-top-section elementor-element elementor-element-edcee4b elementor-section-boxed elementor-section-height-default elementor-section-height-default\" data-id=\"edcee4b\" data-element_type=\"section\" data-e-type=\"section\">\n\t\t\t\t\t\t\t<div class=\"elementor-background-overlay\"><\/div>\n\t\t\t\t\t\t\t<div class=\"elementor-container elementor-column-gap-no\">\n\t\t\t\t\t<div class=\"elementor-column elementor-col-100 elementor-top-column elementor-element elementor-element-8ebbddd\" data-id=\"8ebbddd\" data-element_type=\"column\" data-e-type=\"column\">\n\t\t\t<div class=\"elementor-widget-wrap elementor-element-populated\">\n\t\t\t\t\t\t<div class=\"elementor-element elementor-element-e48d4d8 tradeGoticFont elementor-widget elementor-widget-heading\" data-id=\"e48d4d8\" data-element_type=\"widget\" data-e-type=\"widget\" data-widget_type=\"heading.default\">\n\t\t\t\t<div class=\"elementor-widget-container\">\n\t\t\t\t\t<h2 class=\"elementor-heading-title elementor-size-default\">Funcionamiento seguro y suave<\/h2>\t\t\t\t<\/div>\n\t\t\t\t<\/div>\n\t\t\t\t<div class=\"elementor-element elementor-element-2aa9368 tradeGoticFont elementor-widget elementor-widget-text-editor\" data-id=\"2aa9368\" data-element_type=\"widget\" data-e-type=\"widget\" data-widget_type=\"text-editor.default\">\n\t\t\t\t<div class=\"elementor-widget-container\">\n\t\t\t\t\t\t\t\t\t<p>Las puertas de la colecci\u00f3n de lujo de Quartz\u2122&nbsp; incorporan las innovaciones m\u00e1s recientes de herraje para equipar a su hogar con las entradas m\u00e1s amplias, duraderas, y f\u00e1ciles de utilizar. He aqu\u00ed unas cuantas de las muchas tecnolog\u00edas que tenemos disponibles.<\/p>\t\t\t\t\t\t\t\t<\/div>\n\t\t\t\t<\/div>\n\t\t\t\t\t<\/div>\n\t\t<\/div>\n\t\t\t\t\t<\/div>\n\t\t<\/section>\n\t\t\t\t<section class=\"elementor-section elementor-top-section elementor-element elementor-element-d4fece2 elementor-section-boxed elementor-section-height-default elementor-section-height-default\" data-id=\"d4fece2\" data-element_type=\"section\" data-e-type=\"section\" data-settings=\"{&quot;background_background&quot;:&quot;classic&quot;}\">\n\t\t\t\t\t\t<div class=\"elementor-container elementor-column-gap-no\">\n\t\t\t\t\t<div class=\"elementor-column elementor-col-50 elementor-top-column elementor-element elementor-element-26aefcc\" data-id=\"26aefcc\" data-element_type=\"column\" data-e-type=\"column\">\n\t\t\t<div class=\"elementor-widget-wrap elementor-element-populated\">\n\t\t\t\t\t\t<div class=\"elementor-element elementor-element-0151136 tradeGoticFont elementor-widget elementor-widget-heading\" data-id=\"0151136\" data-element_type=\"widget\" data-e-type=\"widget\" data-widget_type=\"heading.default\">\n\t\t\t\t<div class=\"elementor-widget-container\">\n\t\t\t\t\t<h2 class=\"elementor-heading-title elementor-size-default\">Sistema de cerradura multipunto<\/h2>\t\t\t\t<\/div>\n\t\t\t\t<\/div>\n\t\t\t\t<div class=\"elementor-element elementor-element-8071ef4 tradeGoticFont  elementor-widget elementor-widget-text-editor\" data-id=\"8071ef4\" data-element_type=\"widget\" data-e-type=\"widget\" data-widget_type=\"text-editor.default\">\n\t\t\t\t<div class=\"elementor-widget-container\">\n\t\t\t\t\t\t\t\t\t<p>Los sistemas de cerradura multipunto en las puertas de terraza de Quartz\u2122 brindan la mayor seguridad y tranquilidad. Nuestros sistemas de cerradura multipunto aseguran las puertas en por lo menos 4 puntos adicionales y esparcen la fuerza de impacto por un \u00e1rea m\u00e1s amplia. El resulto es una mayor protecci\u00f3n contra el allanamiento de morada.<\/p>\n<p><br><\/p>\n<p><strong>Beneficios de sistemas de cerradura multipunto:<\/strong><\/p>\n<ul>\n<li>Una variedad de opciones para puertas de casi cualquier altura<\/li>\n<li>Una impermeabilidad mejorada<\/li>\n<li>Construida completamente de acero inoxidable para una superior resistencia a la corrosi\u00f3n<\/li>\n<li>Pestillo y cerradura de seguridad s\u00f3lidos de acero inoxidable<\/li>\n<li>El aparato de protecci\u00f3n contra el mal uso impide que se ponga la cerradura mientras la puerta est\u00e9 abierta<\/li>\n<li>Seguridad adicional con menos esfuerzo<\/li>\n<li>Respaldado por la clasificaci\u00f3n de rendimiento m\u00e1s alta de la industria por su solidez estructural y protecci\u00f3n contra el allanamiento de morada<\/li>\n<\/ul>\t\t\t\t\t\t\t\t<\/div>\n\t\t\t\t<\/div>\n\t\t\t\t\t<\/div>\n\t\t<\/div>\n\t\t\t\t<div class=\"elementor-column elementor-col-50 elementor-top-column elementor-element elementor-element-a7e5d6f\" data-id=\"a7e5d6f\" data-element_type=\"column\" data-e-type=\"column\">\n\t\t\t<div class=\"elementor-widget-wrap elementor-element-populated\">\n\t\t\t\t\t\t<div class=\"elementor-element elementor-element-2e497da elementor-widget elementor-widget-image\" data-id=\"2e497da\" data-element_type=\"widget\" data-e-type=\"widget\" data-widget_type=\"image.default\">\n\t\t\t\t<div class=\"elementor-widget-container\">\n\t\t\t\t\t\t\t\t\t\t\t\t\t\t\t<img fetchpriority=\"high\" decoding=\"async\" width=\"829\" height=\"1136\" src=\"https:\/\/www.quartzluxurywindows.com\/wp-content\/uploads\/2020\/10\/multi-point-lock-01-1.png\" class=\"attachment-full size-full wp-image-10380\" alt=\"\" srcset=\"https:\/\/www.quartzluxurywindows.com\/wp-content\/uploads\/2020\/10\/multi-point-lock-01-1.png 829w, https:\/\/www.quartzluxurywindows.com\/wp-content\/uploads\/2020\/10\/multi-point-lock-01-1-219x300.png 219w, https:\/\/www.quartzluxurywindows.com\/wp-content\/uploads\/2020\/10\/multi-point-lock-01-1-747x1024.png 747w, https:\/\/www.quartzluxurywindows.com\/wp-content\/uploads\/2020\/10\/multi-point-lock-01-1-768x1052.png 768w\" sizes=\"(max-width: 829px) 100vw, 829px\" \/>\t\t\t\t\t\t\t\t\t\t\t\t\t\t\t<\/div>\n\t\t\t\t<\/div>\n\t\t\t\t\t<\/div>\n\t\t<\/div>\n\t\t\t\t\t<\/div>\n\t\t<\/section>\n\t\t\t\t<section class=\"elementor-section elementor-top-section elementor-element elementor-element-b77acb7 elementor-section-boxed elementor-section-height-default elementor-section-height-default\" data-id=\"b77acb7\" data-element_type=\"section\" data-e-type=\"section\">\n\t\t\t\t\t\t<div class=\"elementor-container elementor-column-gap-default\">\n\t\t\t\t\t<div class=\"elementor-column elementor-col-100 elementor-top-column elementor-element elementor-element-2d6bfb1\" data-id=\"2d6bfb1\" data-element_type=\"column\" data-e-type=\"column\">\n\t\t\t<div class=\"elementor-widget-wrap elementor-element-populated\">\n\t\t\t\t\t\t<div class=\"elementor-element elementor-element-10db939 tradeGoticFont elementor-widget elementor-widget-heading\" data-id=\"10db939\" data-element_type=\"widget\" data-e-type=\"widget\" data-widget_type=\"heading.default\">\n\t\t\t\t<div class=\"elementor-widget-container\">\n\t\t\t\t\t<h2 class=\"elementor-heading-title elementor-size-default\">Rodillos multicorredizos<\/h2>\t\t\t\t<\/div>\n\t\t\t\t<\/div>\n\t\t\t\t<div class=\"elementor-element elementor-element-0b3a986 tradeGoticFont elementor-widget elementor-widget-text-editor\" data-id=\"0b3a986\" data-element_type=\"widget\" data-e-type=\"widget\" data-widget_type=\"text-editor.default\">\n\t\t\t\t<div class=\"elementor-widget-container\">\n\t\t\t\t\t\t\t\t\t<p>Las puertas multicorredizas de la colecci\u00f3n de lujo de Quartz\u2122&nbsp; se caracterizan por sus ruedillas resistentes que permiten que las puertas se deslicen suave y f\u00e1cilmente, a\u00f1o tras a\u00f1o.<\/p>\n<p><\/p>\n<p>Para las aplicaciones de puertas m\u00e1s grandes y exigentes, se elabora el sistema de ruedilla doble en la parte inferior de la puerta con cojinetes de acero inoxidable doble sellados.<\/p>\n<p><\/p>\n<p><strong>Beneficios de las ruedillas de las puertas multicorredizas de Quartz:<\/strong><\/p>\n<ul>\n<li>Por utilizar ruedillas m\u00e1s grandes de 36 mm, se logra reducir la fuerza operaria un 25% en comparaci\u00f3n con los productos de puertas multicorredizas disponibles en la actualidad.<\/li>\n<li>El dise\u00f1o \u00fanico permite hacer un ajuste completo de hasta 10.0 mm bajo carga.<\/li>\n<li>Llantas elaboradas con un material compuesto permiten el movimiento silencioso y suave por hasta 240 kg (529 lb) por puerta, as\u00ed posibilitando el dise\u00f1o de entradas masivas.<\/li>\n<\/ul>\t\t\t\t\t\t\t\t<\/div>\n\t\t\t\t<\/div>\n\t\t\t\t\t<\/div>\n\t\t<\/div>\n\t\t\t\t\t<\/div>\n\t\t<\/section>\n\t\t\t\t<section class=\"elementor-section elementor-top-section elementor-element elementor-element-4ae408f elementor-section-boxed elementor-section-height-default elementor-section-height-default\" data-id=\"4ae408f\" data-element_type=\"section\" data-e-type=\"section\">\n\t\t\t\t\t\t<div class=\"elementor-container elementor-column-gap-default\">\n\t\t\t\t\t<div class=\"elementor-column elementor-col-100 elementor-top-column elementor-element elementor-element-9eb4375\" data-id=\"9eb4375\" data-element_type=\"column\" data-e-type=\"column\">\n\t\t\t<div class=\"elementor-widget-wrap elementor-element-populated\">\n\t\t\t\t\t\t<div class=\"elementor-element elementor-element-5ad5e86 tradeGoticFont elementor-widget elementor-widget-heading\" data-id=\"5ad5e86\" data-element_type=\"widget\" data-e-type=\"widget\" data-widget_type=\"heading.default\">\n\t\t\t\t<div class=\"elementor-widget-container\">\n\t\t\t\t\t<h2 class=\"elementor-heading-title elementor-size-default\"><div data-language=\"es\" data-original-language=\"en\" data-result-index=\"0\"><div><span lang=\"es\"><span data-language-for-alternatives=\"es\" data-language-to-translate-into=\"en\" data-phrase-index=\"0\" data-number-of-phrases=\"1\"><span>Ingenier\u00eda de Puertas Superior<\/span><\/span><\/span> <span><\/span><\/div><\/div><\/h2>\t\t\t\t<\/div>\n\t\t\t\t<\/div>\n\t\t\t\t<div class=\"elementor-element elementor-element-0853959 tradeGoticFont elementor-widget elementor-widget-text-editor\" data-id=\"0853959\" data-element_type=\"widget\" data-e-type=\"widget\" data-widget_type=\"text-editor.default\">\n\t\t\t\t<div class=\"elementor-widget-container\">\n\t\t\t\t\t\t\t\t\t<p>La compilaci\u00f3n de toda esta ciencia resulta en el rendimiento y calidad superiores de las puertas y ventanas de la colecci\u00f3n de lujo de Quartz\u2122 . En su conjunto, usted puede tener confianza plena en que las puertas de Quartz\u2122 se encuentran entre los del mayor rendimiento, durabilidad, resistencia, y atractivo visual que usted podr\u00eda utilizar en su siguiente hogar o edificio.<\/p>\t\t\t\t\t\t\t\t<\/div>\n\t\t\t\t<\/div>\n\t\t\t\t<div class=\"elementor-element elementor-element-6982ac7 elementor-align-center tradeGoticFont elementor-widget elementor-widget-button\" data-id=\"6982ac7\" data-element_type=\"widget\" data-e-type=\"widget\" data-widget_type=\"button.default\">\n\t\t\t\t<div class=\"elementor-widget-container\">\n\t\t\t\t\t\t\t\t\t<div class=\"elementor-button-wrapper\">\n\t\t\t\t\t<a class=\"elementor-button elementor-button-link elementor-size-md\" href=\"https:\/\/www.quartzluxurywindows.com\/es\/busque-un-consultor\/\">\n\t\t\t\t\t\t<span class=\"elementor-button-content-wrapper\">\n\t\t\t\t\t\t\t\t\t<span class=\"elementor-button-text\">BUSQUE A UN CONSULTOR DE VENTANAS Y PUERTAS<\/span>\n\t\t\t\t\t<\/span>\n\t\t\t\t\t<\/a>\n\t\t\t\t<\/div>\n\t\t\t\t\t\t\t\t<\/div>\n\t\t\t\t<\/div>\n\t\t\t\t\t<\/div>\n\t\t<\/div>\n\t\t\t\t\t<\/div>\n\t\t<\/section>\n\t\t\t\t<section class=\"elementor-section elementor-top-section elementor-element elementor-element-3b60c02 elementor-section-full_width elementor-section-height-default elementor-section-height-default\" data-id=\"3b60c02\" data-element_type=\"section\" data-e-type=\"section\" data-settings=\"{&quot;background_background&quot;:&quot;classic&quot;}\">\n\t\t\t\t\t\t\t<div class=\"elementor-background-overlay\"><\/div>\n\t\t\t\t\t\t\t<div class=\"elementor-container elementor-column-gap-no\">\n\t\t\t\t\t<div class=\"elementor-column elementor-col-100 elementor-top-column elementor-element elementor-element-ba15fec\" data-id=\"ba15fec\" data-element_type=\"column\" data-e-type=\"column\">\n\t\t\t<div class=\"elementor-widget-wrap elementor-element-populated\">\n\t\t\t\t\t\t<div class=\"elementor-element elementor-element-7ece0a4 bodoniFont elementor-widget elementor-widget-heading\" data-id=\"7ece0a4\" data-element_type=\"widget\" data-e-type=\"widget\" data-widget_type=\"heading.default\">\n\t\t\t\t<div class=\"elementor-widget-container\">\n\t\t\t\t\t<h2 class=\"elementor-heading-title elementor-size-default\">Espacios que entienden <br>la forma en que vives. <\/h2>\t\t\t\t<\/div>\n\t\t\t\t<\/div>\n\t\t\t\t<div class=\"elementor-element elementor-element-5c34633 elementor-align-center tradeGoticFont elementor-widget elementor-widget-button\" data-id=\"5c34633\" data-element_type=\"widget\" data-e-type=\"widget\" data-widget_type=\"button.default\">\n\t\t\t\t<div class=\"elementor-widget-container\">\n\t\t\t\t\t\t\t\t\t<div class=\"elementor-button-wrapper\">\n\t\t\t\t\t<a class=\"elementor-button elementor-button-link elementor-size-md\" href=\"https:\/\/www.quartzluxurywindows.com\/es\/galeria-de-inspiraciones\/\">\n\t\t\t\t\t\t<span class=\"elementor-button-content-wrapper\">\n\t\t\t\t\t\t\t\t\t<span class=\"elementor-button-text\">INSP\u00cdRATE<\/span>\n\t\t\t\t\t<\/span>\n\t\t\t\t\t<\/a>\n\t\t\t\t<\/div>\n\t\t\t\t\t\t\t\t<\/div>\n\t\t\t\t<\/div>\n\t\t\t\t\t<\/div>\n\t\t<\/div>\n\t\t\t\t\t<\/div>\n\t\t<\/section>\n\t\t\t\t<section class=\"elementor-section elementor-top-section elementor-element elementor-element-59ce581 elementor-section-full_width elementor-section-height-default elementor-section-height-default\" data-id=\"59ce581\" data-element_type=\"section\" data-e-type=\"section\">\n\t\t\t\t\t\t<div class=\"elementor-container elementor-column-gap-default\">\n\t\t\t\t\t<div class=\"elementor-column elementor-col-100 elementor-top-column elementor-element elementor-element-5c24029\" data-id=\"5c24029\" data-element_type=\"column\" data-e-type=\"column\">\n\t\t\t<div class=\"elementor-widget-wrap elementor-element-populated\">\n\t\t\t\t\t\t<div class=\"elementor-element elementor-element-8d76e36 elementor-widget elementor-widget-template\" data-id=\"8d76e36\" data-element_type=\"widget\" data-e-type=\"widget\" data-widget_type=\"template.default\">\n\t\t\t\t<div class=\"elementor-widget-container\">\n\t\t\t\t\t\t\t<div class=\"elementor-template\">\n\t\t\t\t\t<div data-elementor-type=\"section\" data-elementor-id=\"28935\" class=\"elementor elementor-28935\" data-elementor-post-type=\"elementor_library\">\n\t\t\t\t\t<section class=\"elementor-section elementor-top-section elementor-element elementor-element-da08be4 elementor-section-full_width elementor-section-height-default elementor-section-height-default\" data-id=\"da08be4\" data-element_type=\"section\" data-e-type=\"section\">\n\t\t\t\t\t\t<div class=\"elementor-container elementor-column-gap-no\">\n\t\t\t\t\t<div class=\"elementor-column elementor-col-100 elementor-top-column elementor-element elementor-element-dd1f3bb\" data-id=\"dd1f3bb\" data-element_type=\"column\" data-e-type=\"column\">\n\t\t\t<div class=\"elementor-widget-wrap elementor-element-populated\">\n\t\t\t\t\t\t<section class=\"elementor-section elementor-inner-section elementor-element elementor-element-1b8baa9 elementor-section-full_width elementor-section-height-default elementor-section-height-default\" data-id=\"1b8baa9\" data-element_type=\"section\" data-e-type=\"section\" data-settings=\"{&quot;background_background&quot;:&quot;classic&quot;}\">\n\t\t\t\t\t\t<div class=\"elementor-container elementor-column-gap-no\">\n\t\t\t\t\t<div class=\"elementor-column elementor-col-33 elementor-inner-column elementor-element elementor-element-7564a7a elementor-invisible\" data-id=\"7564a7a\" data-element_type=\"column\" data-e-type=\"column\" data-settings=\"{&quot;background_background&quot;:&quot;classic&quot;,&quot;animation&quot;:&quot;fadeInUp&quot;,&quot;animation_delay&quot;:200}\">\n\t\t\t<div class=\"elementor-widget-wrap elementor-element-populated\">\n\t\t\t\t\t\t<div class=\"elementor-element elementor-element-143403f animated-fast elementor-invisible elementor-widget elementor-widget-image\" data-id=\"143403f\" data-element_type=\"widget\" data-e-type=\"widget\" data-settings=\"{&quot;_animation&quot;:&quot;fadeInUp&quot;,&quot;_animation_delay&quot;:600}\" data-widget_type=\"image.default\">\n\t\t\t\t<div class=\"elementor-widget-container\">\n\t\t\t\t\t\t\t\t\t\t\t\t\t\t\t\t<a href=\"https:\/\/www.quartzluxurywindows.com\/es\/quartz-ventanas-y-puertas-cityline\/\">\n\t\t\t\t\t\t\t<img decoding=\"async\" width=\"300\" height=\"102\" src=\"https:\/\/www.quartzluxurywindows.com\/wp-content\/uploads\/2021\/05\/Cityline-spanish-w@2k-1-300x102.png\" class=\"attachment-medium size-medium wp-image-11095\" alt=\"\" srcset=\"https:\/\/www.quartzluxurywindows.com\/wp-content\/uploads\/2021\/05\/Cityline-spanish-w@2k-1-300x102.png 300w, https:\/\/www.quartzluxurywindows.com\/wp-content\/uploads\/2021\/05\/Cityline-spanish-w@2k-1-1024x348.png 1024w, https:\/\/www.quartzluxurywindows.com\/wp-content\/uploads\/2021\/05\/Cityline-spanish-w@2k-1-768x261.png 768w, https:\/\/www.quartzluxurywindows.com\/wp-content\/uploads\/2021\/05\/Cityline-spanish-w@2k-1-1536x521.png 1536w, https:\/\/www.quartzluxurywindows.com\/wp-content\/uploads\/2021\/05\/Cityline-spanish-w@2k-1.png 2000w\" sizes=\"(max-width: 300px) 100vw, 300px\" \/>\t\t\t\t\t\t\t\t<\/a>\n\t\t\t\t\t\t\t\t\t\t\t\t\t\t\t<\/div>\n\t\t\t\t<\/div>\n\t\t\t\t\t<\/div>\n\t\t<\/div>\n\t\t\t\t<div class=\"elementor-column elementor-col-33 elementor-inner-column elementor-element elementor-element-69cc44e elementor-invisible\" data-id=\"69cc44e\" data-element_type=\"column\" data-e-type=\"column\" data-settings=\"{&quot;background_background&quot;:&quot;classic&quot;,&quot;animation&quot;:&quot;fadeInUp&quot;,&quot;animation_delay&quot;:400}\">\n\t\t\t<div class=\"elementor-widget-wrap elementor-element-populated\">\n\t\t\t\t\t\t<div class=\"elementor-element elementor-element-5942122 animated-fast elementor-invisible elementor-widget elementor-widget-image\" data-id=\"5942122\" data-element_type=\"widget\" data-e-type=\"widget\" data-settings=\"{&quot;_animation&quot;:&quot;fadeInUp&quot;,&quot;_animation_delay&quot;:600}\" data-widget_type=\"image.default\">\n\t\t\t\t<div class=\"elementor-widget-container\">\n\t\t\t\t\t\t\t\t\t\t\t\t\t\t\t\t<a href=\"https:\/\/www.quartzluxurywindows.com\/es\/serie-de-madera-timberline\/\">\n\t\t\t\t\t\t\t<img decoding=\"async\" width=\"300\" height=\"102\" src=\"https:\/\/www.quartzluxurywindows.com\/wp-content\/uploads\/2021\/05\/Timberline-spanish-w@2k-2-300x102.png\" class=\"attachment-medium size-medium wp-image-10640\" alt=\"\" srcset=\"https:\/\/www.quartzluxurywindows.com\/wp-content\/uploads\/2021\/05\/Timberline-spanish-w@2k-2-300x102.png 300w, https:\/\/www.quartzluxurywindows.com\/wp-content\/uploads\/2021\/05\/Timberline-spanish-w@2k-2-1024x348.png 1024w, https:\/\/www.quartzluxurywindows.com\/wp-content\/uploads\/2021\/05\/Timberline-spanish-w@2k-2-768x261.png 768w, https:\/\/www.quartzluxurywindows.com\/wp-content\/uploads\/2021\/05\/Timberline-spanish-w@2k-2-1536x521.png 1536w, https:\/\/www.quartzluxurywindows.com\/wp-content\/uploads\/2021\/05\/Timberline-spanish-w@2k-2.png 2000w\" sizes=\"(max-width: 300px) 100vw, 300px\" \/>\t\t\t\t\t\t\t\t<\/a>\n\t\t\t\t\t\t\t\t\t\t\t\t\t\t\t<\/div>\n\t\t\t\t<\/div>\n\t\t\t\t\t<\/div>\n\t\t<\/div>\n\t\t\t\t<div class=\"elementor-column elementor-col-33 elementor-inner-column elementor-element elementor-element-3fe755e elementor-invisible\" data-id=\"3fe755e\" data-element_type=\"column\" data-e-type=\"column\" data-settings=\"{&quot;background_background&quot;:&quot;classic&quot;,&quot;animation&quot;:&quot;fadeInUp&quot;,&quot;animation_delay&quot;:800}\">\n\t\t\t<div class=\"elementor-widget-wrap elementor-element-populated\">\n\t\t\t\t\t\t<div class=\"elementor-element elementor-element-d8ffb87 animated-fast elementor-invisible elementor-widget elementor-widget-image\" data-id=\"d8ffb87\" data-element_type=\"widget\" data-e-type=\"widget\" data-settings=\"{&quot;_animation&quot;:&quot;fadeInUp&quot;,&quot;_animation_delay&quot;:600}\" data-widget_type=\"image.default\">\n\t\t\t\t<div class=\"elementor-widget-container\">\n\t\t\t\t\t\t\t\t\t\t\t\t\t\t\t\t<a href=\"https:\/\/www.quartzluxurywindows.com\/es\/ventanas-y-puertas-edgeline\/\">\n\t\t\t\t\t\t\t<img loading=\"lazy\" decoding=\"async\" width=\"300\" height=\"102\" src=\"https:\/\/www.quartzluxurywindows.com\/wp-content\/uploads\/2021\/05\/Edgeline-spanish-w@2k-300x102.png\" class=\"attachment-medium size-medium wp-image-11594\" alt=\"\" srcset=\"https:\/\/www.quartzluxurywindows.com\/wp-content\/uploads\/2021\/05\/Edgeline-spanish-w@2k-300x102.png 300w, https:\/\/www.quartzluxurywindows.com\/wp-content\/uploads\/2021\/05\/Edgeline-spanish-w@2k-1024x348.png 1024w, https:\/\/www.quartzluxurywindows.com\/wp-content\/uploads\/2021\/05\/Edgeline-spanish-w@2k-768x261.png 768w, https:\/\/www.quartzluxurywindows.com\/wp-content\/uploads\/2021\/05\/Edgeline-spanish-w@2k-1536x521.png 1536w, https:\/\/www.quartzluxurywindows.com\/wp-content\/uploads\/2021\/05\/Edgeline-spanish-w@2k.png 2000w\" sizes=\"(max-width: 300px) 100vw, 300px\" \/>\t\t\t\t\t\t\t\t<\/a>\n\t\t\t\t\t\t\t\t\t\t\t\t\t\t\t<\/div>\n\t\t\t\t<\/div>\n\t\t\t\t\t<\/div>\n\t\t<\/div>\n\t\t\t\t\t<\/div>\n\t\t<\/section>\n\t\t\t\t\t<\/div>\n\t\t<\/div>\n\t\t\t\t\t<\/div>\n\t\t<\/section>\n\t\t\t\t<\/div>\n\t\t\t\t<\/div>\n\t\t\t\t\t\t<\/div>\n\t\t\t\t<\/div>\n\t\t\t\t\t<\/div>\n\t\t<\/div>\n\t\t\t\t\t<\/div>\n\t\t<\/section>\n\t\t\t\t<\/div>\n\t\t","protected":false},"excerpt":{"rendered":"<p>Tecnolog\u00edas de las puertas Funcionamiento seguro y suave Las puertas de la colecci\u00f3n de lujo de Quartz\u00ae&nbsp; incorporan las innovaciones m\u00e1s recientes de herraje para equipar a su hogar con las entradas m\u00e1s amplias, duraderas, y f\u00e1ciles de utilizar. He aqu\u00ed unas cuantas de las muchas tecnolog\u00edas que tenemos disponibles. Sistema de cerradura multipunto Los [&hellip;]<\/p>\n","protected":false},"author":5,"featured_media":0,"parent":0,"menu_order":0,"comment_status":"closed","ping_status":"closed","template":"","meta":{"footnotes":""},"class_list":["post-10378","page","type-page","status-publish","hentry"],"_links":{"self":[{"href":"https:\/\/www.quartzluxurywindows.com\/es\/wp-json\/wp\/v2\/pages\/10378","targetHints":{"allow":["GET"]}}],"collection":[{"href":"https:\/\/www.quartzluxurywindows.com\/es\/wp-json\/wp\/v2\/pages"}],"about":[{"href":"https:\/\/www.quartzluxurywindows.com\/es\/wp-json\/wp\/v2\/types\/page"}],"author":[{"embeddable":true,"href":"https:\/\/www.quartzluxurywindows.com\/es\/wp-json\/wp\/v2\/users\/5"}],"replies":[{"embeddable":true,"href":"https:\/\/www.quartzluxurywindows.com\/es\/wp-json\/wp\/v2\/comments?post=10378"}],"version-history":[{"count":0,"href":"https:\/\/www.quartzluxurywindows.com\/es\/wp-json\/wp\/v2\/pages\/10378\/revisions"}],"wp:attachment":[{"href":"https:\/\/www.quartzluxurywindows.com\/es\/wp-json\/wp\/v2\/media?parent=10378"}],"curies":[{"name":"wp","href":"https:\/\/api.w.org\/{rel}","templated":true}]}}